{"id":474,"date":"2023-06-29T09:28:47","date_gmt":"2023-06-29T09:28:47","guid":{"rendered":"https:\/\/soidukool.ee\/teachers\/"},"modified":"2026-01-28T22:02:06","modified_gmt":"2026-01-28T22:02:06","slug":"teachers","status":"publish","type":"page","link":"https:\/\/soidukool.ee\/en\/teachers\/","title":{"rendered":"Teachers"},"content":{"rendered":"<p>[et_pb_section fb_built=&#8221;1&#8243; _builder_version=&#8221;4.21.0&#8243; _module_preset=&#8221;default&#8221; global_colors_info=&#8221;{}&#8221;][et_pb_row _builder_version=&#8221;4.21.0&#8243; _module_preset=&#8221;default&#8221; global_colors_info=&#8221;{}&#8221;][et_pb_column type=&#8221;4_4&#8243; _builder_version=&#8221;4.21.0&#8243; _module_preset=&#8221;default&#8221; global_colors_info=&#8221;{}&#8221;][et_pb_text _builder_version=&#8221;4.21.0&#8243; _module_preset=&#8221;e598b17a-9229-42f6-b238-019d6094332e&#8221; header_font=&#8221;Outfit|600|||||||&#8221; header_text_color=&#8221;#000000&#8243; header_font_size=&#8221;72px&#8221; header_line_height=&#8221;1.1em&#8221; max_width=&#8221;800px&#8221; custom_margin=&#8221;||0px||false|false&#8221; header_font_size_tablet=&#8221;40px&#8221; header_font_size_phone=&#8221;24px&#8221; header_font_size_last_edited=&#8221;on|phone&#8221; locked=&#8221;off&#8221; global_colors_info=&#8221;{}&#8221;]<\/p>\n<h1>Teachers<\/h1>\n<p>[\/et_pb_text][et_pb_text _builder_version=&#8221;4.25.1&#8243; _module_preset=&#8221;default&#8221; global_colors_info=&#8221;{}&#8221;]<\/p>\n<p><b><\/b><\/p>\n<p><b>Aleksei \u0160meljov <\/b><\/p>\n<p><b>(theory and driving instructor)<\/b><\/p>\n<p><b> <\/b><span style=\"color: #333333;\"><span style=\"font-family: Times New Roman, serif;\"><span style=\"font-size: medium;\"><span lang=\"et-EE\"><strong><span>\u00d5T005688<\/span><\/strong><\/span><\/span><\/span><\/span><\/p>\n<p>Category A and B motor vehicle teacher.<\/p>\n<h5><strong>TEL: +372 5504321<\/strong><\/h5>\n<p>[\/et_pb_text][et_pb_image src=&#8221;https:\/\/soidukool.ee\/wp-content\/uploads\/2024\/07\/IMG_3278.1-1.jpg&#8221; title_text=&#8221;IMG_3278.1&#8243; _builder_version=&#8221;4.25.1&#8243; _module_preset=&#8221;default&#8221; global_colors_info=&#8221;{}&#8221;][\/et_pb_image][\/et_pb_column][\/et_pb_row][et_pb_row _builder_version=&#8221;4.21.0&#8243; _module_preset=&#8221;default&#8221; global_colors_info=&#8221;{}&#8221;][et_pb_column type=&#8221;4_4&#8243; _builder_version=&#8221;4.21.0&#8243; _module_preset=&#8221;default&#8221; global_colors_info=&#8221;{}&#8221;][et_pb_text _builder_version=&#8221;4.25.1&#8243; _module_preset=&#8221;default&#8221; global_colors_info=&#8221;{}&#8221;]<\/p>\n<p><b><\/b><\/p>\n<p><b>Inna Juskevits<\/b><\/p>\n<p><b>(theory and driving instructor)<\/b><\/p>\n<p><b> <\/b><span style=\"color: #333333;\"><span style=\"font-family: Times New Roman, serif;\"><span style=\"font-size: medium;\"><span lang=\"et-EE\"><strong>\u00d5T005420<\/strong><\/span><\/span><\/span><\/span><\/p>\n<p>Category B motor vehicle teacher.<\/p>\n<h5><strong>TEL: +372 58365110<\/strong><\/h5>\n<p>[\/et_pb_text][et_pb_image src=&#8221;https:\/\/soidukool.ee\/wp-content\/uploads\/2024\/07\/IMG_3339-scaled.jpg&#8221; title_text=&#8221;IMG_3339&#8243; _builder_version=&#8221;4.25.1&#8243; _module_preset=&#8221;default&#8221; global_colors_info=&#8221;{}&#8221;][\/et_pb_image][\/et_pb_column][\/et_pb_row][\/et_pb_section]<\/p>\n","protected":false},"excerpt":{"rendered":"<p>Teachers Aleksei \u0160meljov (theory and driving instructor) \u00d5T005688 Category A and B motor vehicle teacher. TEL: +372 5504321 Inna Juskevits (theory and driving instructor) \u00d5T005420 Category B motor vehicle teacher. TEL: +372 58365110<\/p>\n","protected":false},"author":1,"featured_media":0,"parent":0,"menu_order":0,"comment_status":"closed","ping_status":"closed","template":"","meta":{"_et_pb_use_builder":"on","_et_pb_old_content":"","_et_gb_content_width":"","_uf_show_specific_survey":0,"_uf_disable_surveys":false,"footnotes":""},"class_list":["post-474","page","type-page","status-publish","hentry"],"_links":{"self":[{"href":"https:\/\/soidukool.ee\/en\/wp-json\/wp\/v2\/pages\/474","targetHints":{"allow":["GET"]}}],"collection":[{"href":"https:\/\/soidukool.ee\/en\/wp-json\/wp\/v2\/pages"}],"about":[{"href":"https:\/\/soidukool.ee\/en\/wp-json\/wp\/v2\/types\/page"}],"author":[{"embeddable":true,"href":"https:\/\/soidukool.ee\/en\/wp-json\/wp\/v2\/users\/1"}],"replies":[{"embeddable":true,"href":"https:\/\/soidukool.ee\/en\/wp-json\/wp\/v2\/comments?post=474"}],"version-history":[{"count":5,"href":"https:\/\/soidukool.ee\/en\/wp-json\/wp\/v2\/pages\/474\/revisions"}],"predecessor-version":[{"id":733,"href":"https:\/\/soidukool.ee\/en\/wp-json\/wp\/v2\/pages\/474\/revisions\/733"}],"wp:attachment":[{"href":"https:\/\/soidukool.ee\/en\/wp-json\/wp\/v2\/media?parent=474"}],"curies":[{"name":"wp","href":"https:\/\/api.w.org\/{rel}","templated":true}]}}